{"id":18053,"date":"2024-05-02T09:22:39","date_gmt":"2024-05-02T07:22:39","guid":{"rendered":"https:\/\/espoopaiva.fi\/information-2\/"},"modified":"2025-09-01T16:08:38","modified_gmt":"2025-09-01T14:08:38","slug":"information-2","status":"publish","type":"page","link":"https:\/\/espoopaiva.fi\/sv\/information-2\/","title":{"rendered":"Information"},"content":{"rendered":"\t\t<div data-elementor-type=\"wp-page\" data-elementor-id=\"18053\" class=\"elementor elementor-18053 elementor-17923\" data-elementor-post-type=\"page\">\n\t\t\t\t\t\t\t\t\t<section class=\"elementor-section elementor-top-section elementor-element elementor-element-06e6225 elementor-section-height-min-height elementor-section-items-stretch elementor-section-content-middle elementor-section-full_width elementor-section-stretched elementor-section-height-default\" data-id=\"06e6225\" data-element_type=\"section\" data-settings=\"{&quot;background_background&quot;:&quot;classic&quot;,&quot;stretch_section&quot;:&quot;section-stretched&quot;}\">\n\t\t\t\t\t\t<div class=\"elementor-container elementor-column-gap-no\">\n\t\t\t\t\t<div class=\"elementor-column elementor-col-100 elementor-top-column elementor-element elementor-element-c929843\" data-id=\"c929843\" data-element_type=\"column\">\n\t\t\t<div class=\"elementor-widget-wrap elementor-element-populated\">\n\t\t\t\t\t\t\t\t<div class=\"elementor-element elementor-element-75a7a97 elementor-widget__width-initial elementor-widget elementor-widget-heading\" data-id=\"75a7a97\" data-element_type=\"widget\" data-widget_type=\"heading.default\">\n\t\t\t\t<div class=\"elementor-widget-container\">\n\t\t\t<h3 class=\"elementor-heading-title elementor-size-default\">Stadens st\u00f6rsta evenemangsdag!<\/h3>\t\t<\/div>\n\t\t\t\t<\/div>\n\t\t\t\t\t<\/div>\n\t\t<\/div>\n\t\t\t\t\t\t\t<\/div>\n\t\t<\/section>\n\t\t\t\t<section class=\"elementor-section elementor-top-section elementor-element elementor-element-15b229d elementor-section-height-min-height elementor-section-items-stretch elementor-section-content-middle elementor-section-full_width elementor-section-stretched elementor-section-height-default\" data-id=\"15b229d\" data-element_type=\"section\" data-settings=\"{&quot;stretch_section&quot;:&quot;section-stretched&quot;}\">\n\t\t\t\t\t\t<div class=\"elementor-container elementor-column-gap-no\">\n\t\t\t\t\t<div class=\"elementor-column elementor-col-100 elementor-top-column elementor-element elementor-element-4336e4b\" data-id=\"4336e4b\" data-element_type=\"column\" data-settings=\"{&quot;background_background&quot;:&quot;classic&quot;}\">\n\t\t\t<div class=\"elementor-widget-wrap elementor-element-populated\">\n\t\t\t\t\t\t\t\t<div class=\"elementor-element elementor-element-2a646c9 elementor-widget__width-initial elementor-widget elementor-widget-text-editor\" data-id=\"2a646c9\" data-element_type=\"widget\" data-widget_type=\"text-editor.default\">\n\t\t\t\t<div class=\"elementor-widget-container\">\n\t\t\t\t\t\t\t<p><span data-contrast=\"auto\">Esbodagen \u00e4r en gemensam festdag f\u00f6r alla esbobor och firas \u00e5rligen den sista l\u00f6rdagen i augusti. Under Esbodagen firar Esboborna sin hemstad genom att ordna olika typer av program runtom i staden. M\u00e5nga av stadens f\u00f6reningar, f\u00f6retag och andra akt\u00f6rer brukar delta i firandet. Under \u00e5rens lopp har programmet bland annat inkluderat musikframtr\u00e4danden, s\u00e4llskapsdans, utomhusbio, rullskridskodisco och mycket mer!    <\/span><\/p>\n<p><span data-contrast=\"auto\">Evenemangen under Esbodagen den 30 augusti \u00e4r avgiftsfria och intr\u00e4det \u00e4r fritt. Uppgifter om alla evenemang som ing\u00e5r i Esbodagen finns i evenemangskalendern. <\/span><\/p>\n\t\t\t\t\t\t<\/div>\n\t\t\t\t<\/div>\n\t\t\t\t\t<\/div>\n\t\t<\/div>\n\t\t\t\t\t\t\t<\/div>\n\t\t<\/section>\n\t\t\t\t<section class=\"elementor-section elementor-top-section elementor-element elementor-element-50383b8 elementor-section-height-min-height elementor-section-items-stretch elementor-section-content-middle elementor-section-full_width elementor-section-stretched elementor-section-height-default\" data-id=\"50383b8\" data-element_type=\"section\" data-settings=\"{&quot;background_background&quot;:&quot;classic&quot;,&quot;stretch_section&quot;:&quot;section-stretched&quot;}\">\n\t\t\t\t\t\t<div class=\"elementor-container elementor-column-gap-no\">\n\t\t\t\t\t<div class=\"elementor-column elementor-col-100 elementor-top-column elementor-element elementor-element-2c8d253\" data-id=\"2c8d253\" data-element_type=\"column\">\n\t\t\t<div class=\"elementor-widget-wrap elementor-element-populated\">\n\t\t\t\t\t\t\t\t<div class=\"elementor-element elementor-element-b98f532 elementor-widget elementor-widget-heading\" data-id=\"b98f532\" data-element_type=\"widget\" data-widget_type=\"heading.default\">\n\t\t\t\t<div class=\"elementor-widget-container\">\n\t\t\t<h3 class=\"elementor-heading-title elementor-size-default\">Vanliga fr\u00e5gor<\/h3>\t\t<\/div>\n\t\t\t\t<\/div>\n\t\t\t\t<div class=\"elementor-element elementor-element-08baa6a elementor-widget elementor-widget-toggle\" data-id=\"08baa6a\" data-element_type=\"widget\" data-widget_type=\"toggle.default\">\n\t\t\t\t<div class=\"elementor-widget-container\">\n\t\t\t\t\t<div class=\"elementor-toggle\">\n\t\t\t\t\t\t\t<div class=\"elementor-toggle-item\">\n\t\t\t\t\t<div id=\"elementor-tab-title-9151\" class=\"elementor-tab-title\" data-tab=\"1\" role=\"button\" aria-controls=\"elementor-tab-content-9151\" aria-expanded=\"false\">\n\t\t\t\t\t\t\t\t\t\t\t\t<span class=\"elementor-toggle-icon elementor-toggle-icon-left\" aria-hidden=\"true\">\n\t\t\t\t\t\t\t\t\t\t\t\t\t\t\t<span class=\"elementor-toggle-icon-closed\"><i class=\"fas fa-caret-right\"><\/i><\/span>\n\t\t\t\t\t\t\t\t<span class=\"elementor-toggle-icon-opened\"><i class=\"elementor-toggle-icon-opened fas fa-caret-up\"><\/i><\/span>\n\t\t\t\t\t\t\t\t\t\t\t\t\t<\/span>\n\t\t\t\t\t\t\t\t\t\t\t\t<a class=\"elementor-toggle-title\" tabindex=\"0\">Hur kan jag delta i Esbodagen?<\/a>\n\t\t\t\t\t<\/div>\n\n\t\t\t\t\t<div id=\"elementor-tab-content-9151\" class=\"elementor-tab-content elementor-clearfix\" data-tab=\"1\" role=\"region\" aria-labelledby=\"elementor-tab-title-9151\"><p style=\"text-align: left;\">Man kan delta i firandet genom att ordna ett eget evenemang eller genom att delta i evenemang som ordnas av andra. Du kan ocks\u00e5 g\u00f6ra b\u00e5de och! <\/p>\n<p>P\u00e5 sidan <a href=\"https:\/\/espoopaiva.fi\/sv\/for-evenemangsarrangorer-2\/\">F\u00f6r evenemangsarrang\u00f6rer<\/a> hittar du mer information om att planera och arrangera ditt eget evenemang<\/p>\n<\/div>\n\t\t\t\t<\/div>\n\t\t\t\t\t\t\t\t<\/div>\n\t\t\t\t<\/div>\n\t\t\t\t<\/div>\n\t\t\t\t<div class=\"elementor-element elementor-element-4af50a0 elementor-widget elementor-widget-toggle\" data-id=\"4af50a0\" data-element_type=\"widget\" data-widget_type=\"toggle.default\">\n\t\t\t\t<div class=\"elementor-widget-container\">\n\t\t\t\t\t<div class=\"elementor-toggle\">\n\t\t\t\t\t\t\t<div class=\"elementor-toggle-item\">\n\t\t\t\t\t<div id=\"elementor-tab-title-7851\" class=\"elementor-tab-title\" data-tab=\"1\" role=\"button\" aria-controls=\"elementor-tab-content-7851\" aria-expanded=\"false\">\n\t\t\t\t\t\t\t\t\t\t\t\t<span class=\"elementor-toggle-icon elementor-toggle-icon-left\" aria-hidden=\"true\">\n\t\t\t\t\t\t\t\t\t\t\t\t\t\t\t<span class=\"elementor-toggle-icon-closed\"><i class=\"fas fa-caret-right\"><\/i><\/span>\n\t\t\t\t\t\t\t\t<span class=\"elementor-toggle-icon-opened\"><i class=\"elementor-toggle-icon-opened fas fa-caret-up\"><\/i><\/span>\n\t\t\t\t\t\t\t\t\t\t\t\t\t<\/span>\n\t\t\t\t\t\t\t\t\t\t\t\t<a class=\"elementor-toggle-title\" tabindex=\"0\">M\u00e5ste jag k\u00f6pa en biljett f\u00f6r att kunna delta?<\/a>\n\t\t\t\t\t<\/div>\n\n\t\t\t\t\t<div id=\"elementor-tab-content-7851\" class=\"elementor-tab-content elementor-clearfix\" data-tab=\"1\" role=\"region\" aria-labelledby=\"elementor-tab-title-7851\"><p>Alla evenemang p\u00e5 Esbodagens l\u00f6rdag \u00e4r avgiftsfria. Vissa evenemang kr\u00e4ver dock f\u00f6rhandsanm\u00e4lan.   <\/p>\n<\/div>\n\t\t\t\t<\/div>\n\t\t\t\t\t\t\t\t<\/div>\n\t\t\t\t<\/div>\n\t\t\t\t<\/div>\n\t\t\t\t<div class=\"elementor-element elementor-element-63d96b6 elementor-widget elementor-widget-toggle\" data-id=\"63d96b6\" data-element_type=\"widget\" data-widget_type=\"toggle.default\">\n\t\t\t\t<div class=\"elementor-widget-container\">\n\t\t\t\t\t<div class=\"elementor-toggle\">\n\t\t\t\t\t\t\t<div class=\"elementor-toggle-item\">\n\t\t\t\t\t<div id=\"elementor-tab-title-1041\" class=\"elementor-tab-title\" data-tab=\"1\" role=\"button\" aria-controls=\"elementor-tab-content-1041\" aria-expanded=\"false\">\n\t\t\t\t\t\t\t\t\t\t\t\t<span class=\"elementor-toggle-icon elementor-toggle-icon-left\" aria-hidden=\"true\">\n\t\t\t\t\t\t\t\t\t\t\t\t\t\t\t<span class=\"elementor-toggle-icon-closed\"><i class=\"fas fa-caret-right\"><\/i><\/span>\n\t\t\t\t\t\t\t\t<span class=\"elementor-toggle-icon-opened\"><i class=\"elementor-toggle-icon-opened fas fa-caret-up\"><\/i><\/span>\n\t\t\t\t\t\t\t\t\t\t\t\t\t<\/span>\n\t\t\t\t\t\t\t\t\t\t\t\t<a class=\"elementor-toggle-title\" tabindex=\"0\">N\u00e4r firades Ebodagen f\u00f6r f\u00f6rsta g\u00e5ngen?<\/a>\n\t\t\t\t\t<\/div>\n\n\t\t\t\t\t<div id=\"elementor-tab-content-1041\" class=\"elementor-tab-content elementor-clearfix\" data-tab=\"1\" role=\"region\" aria-labelledby=\"elementor-tab-title-1041\"><p>Esbodagens r\u00f6tter finns i flera olika \u00e5rtionden, d\u00e5 Esbo firades genom olika byafester och serier av temaevenemang. <em>Officiellt firades Esbodagen f\u00f6r f\u00f6rsta g\u00e5ngen \u00e5r 1992, allts\u00e5 samma \u00e5r som Esbo stad fyllde 20 \u00e5r.<\/em> Som festdag valde man d\u00e5 den 27 augusti, det vill s\u00e4ga samma dag som dokumentet om grundande av Esbo g\u00e5rd undertecknades \u00e5r 1556. Numera firas Esbo den sista l\u00f6rdagen i augusti.  <\/p>\n<\/div>\n\t\t\t\t<\/div>\n\t\t\t\t\t\t\t\t<\/div>\n\t\t\t\t<\/div>\n\t\t\t\t<\/div>\n\t\t\t\t\t<\/div>\n\t\t<\/div>\n\t\t\t\t\t\t\t<\/div>\n\t\t<\/section>\n\t\t\t\t\t\t\t<\/div>\n\t\t","protected":false},"excerpt":{"rendered":"<p>Stadens st\u00f6rsta evenemangsdag! Esbodagen \u00e4r en gemensam festdag f\u00f6r alla esbobor och firas \u00e5rligen den sista l\u00f6rdagen i augusti. Under Esbodagen firar Esboborna sin hemstad genom att ordna olika typer av program runtom i staden. M\u00e5nga av stadens f\u00f6reningar, f\u00f6retag och andra akt\u00f6rer brukar delta i firandet. Under \u00e5rens lopp har programmet bland annat inkluderat [&hellip;]<\/p>\n","protected":false},"author":5,"featured_media":11571,"parent":0,"menu_order":0,"comment_status":"closed","ping_status":"closed","template":"","meta":{"inline_featured_image":false,"footnotes":""},"class_list":["post-18053","page","type-page","status-publish","has-post-thumbnail","hentry"],"yoast_head":"<!-- This site is optimized with the Yoast SEO plugin v20.12 - https:\/\/yoast.com\/wordpress\/plugins\/seo\/ -->\n<title>Esbodagen | Esbo firar!<\/title>\n<meta name=\"description\" content=\"Evenemangen fyller Esbo den 29.-30. augusti, n\u00e4r Esbodagen firas tillsammans. Kom och hitta ditt favorit evenemang!\" \/>\n<meta name=\"robots\" content=\"index, follow, max-snippet:-1, max-image-preview:large, max-video-preview:-1\" \/>\n<link rel=\"canonical\" href=\"https:\/\/espoopaiva.fi\/sv\/information-2\/\" \/>\n<meta property=\"og:locale\" content=\"sv_SE\" \/>\n<meta property=\"og:type\" content=\"article\" \/>\n<meta property=\"og:title\" content=\"Esbodagen | Esbo firar!\" \/>\n<meta property=\"og:description\" content=\"Evenemangen fyller Esbo den 29.-30. augusti, n\u00e4r Esbodagen firas tillsammans. Kom och hitta ditt favorit evenemang!\" \/>\n<meta property=\"og:url\" content=\"https:\/\/espoopaiva.fi\/sv\/information-2\/\" \/>\n<meta property=\"og:site_name\" content=\"Esbodagen\" \/>\n<meta property=\"article:modified_time\" content=\"2025-09-01T14:08:38+00:00\" \/>\n<meta property=\"og:image\" content=\"https:\/\/espoopaiva.fi\/wp-content\/uploads\/2023\/05\/20210828_KeraKollektiivi_0797_valokuvaaja_pyryantero.jpg\" \/>\n\t<meta property=\"og:image:width\" content=\"2048\" \/>\n\t<meta property=\"og:image:height\" content=\"1365\" \/>\n\t<meta property=\"og:image:type\" content=\"image\/jpeg\" \/>\n<meta name=\"twitter:card\" content=\"summary_large_image\" \/>\n<meta name=\"twitter:label1\" content=\"Ber\u00e4knad l\u00e4stid\" \/>\n\t<meta name=\"twitter:data1\" content=\"2 minuter\" \/>\n<script type=\"application\/ld+json\" class=\"yoast-schema-graph\">{\"@context\":\"https:\/\/schema.org\",\"@graph\":[{\"@type\":\"WebPage\",\"@id\":\"https:\/\/espoopaiva.fi\/sv\/information-2\/\",\"url\":\"https:\/\/espoopaiva.fi\/sv\/information-2\/\",\"name\":\"Esbodagen | Esbo firar!\",\"isPartOf\":{\"@id\":\"https:\/\/espoopaiva.fi\/en\/#website\"},\"datePublished\":\"2024-05-02T07:22:39+00:00\",\"dateModified\":\"2025-09-01T14:08:38+00:00\",\"description\":\"Evenemangen fyller Esbo den 29.-30. augusti, n\u00e4r Esbodagen firas tillsammans. Kom och hitta ditt favorit evenemang!\",\"breadcrumb\":{\"@id\":\"https:\/\/espoopaiva.fi\/sv\/information-2\/#breadcrumb\"},\"inLanguage\":\"sv-SE\",\"potentialAction\":[{\"@type\":\"ReadAction\",\"target\":[\"https:\/\/espoopaiva.fi\/sv\/information-2\/\"]}]},{\"@type\":\"BreadcrumbList\",\"@id\":\"https:\/\/espoopaiva.fi\/sv\/information-2\/#breadcrumb\",\"itemListElement\":[{\"@type\":\"ListItem\",\"position\":1,\"name\":\"Etusivu\",\"item\":\"https:\/\/espoopaiva.fi\/sv\/etusivu\/\"},{\"@type\":\"ListItem\",\"position\":2,\"name\":\"Information\"}]},{\"@type\":\"WebSite\",\"@id\":\"https:\/\/espoopaiva.fi\/en\/#website\",\"url\":\"https:\/\/espoopaiva.fi\/en\/\",\"name\":\"Espoo-p\u00e4iv\u00e4\",\"description\":\"\",\"potentialAction\":[{\"@type\":\"SearchAction\",\"target\":{\"@type\":\"EntryPoint\",\"urlTemplate\":\"https:\/\/espoopaiva.fi\/en\/?s={search_term_string}\"},\"query-input\":\"required name=search_term_string\"}],\"inLanguage\":\"sv-SE\"}]}<\/script>\n<!-- \/ Yoast SEO plugin. -->","yoast_head_json":{"title":"Esbodagen | Esbo firar!","description":"Evenemangen fyller Esbo den 29.-30. augusti, n\u00e4r Esbodagen firas tillsammans. Kom och hitta ditt favorit evenemang!","robots":{"index":"index","follow":"follow","max-snippet":"max-snippet:-1","max-image-preview":"max-image-preview:large","max-video-preview":"max-video-preview:-1"},"canonical":"https:\/\/espoopaiva.fi\/sv\/information-2\/","og_locale":"sv_SE","og_type":"article","og_title":"Esbodagen | Esbo firar!","og_description":"Evenemangen fyller Esbo den 29.-30. augusti, n\u00e4r Esbodagen firas tillsammans. Kom och hitta ditt favorit evenemang!","og_url":"https:\/\/espoopaiva.fi\/sv\/information-2\/","og_site_name":"Esbodagen","article_modified_time":"2025-09-01T14:08:38+00:00","og_image":[{"width":2048,"height":1365,"url":"https:\/\/espoopaiva.fi\/wp-content\/uploads\/2023\/05\/20210828_KeraKollektiivi_0797_valokuvaaja_pyryantero.jpg","type":"image\/jpeg"}],"twitter_card":"summary_large_image","twitter_misc":{"Ber\u00e4knad l\u00e4stid":"2 minuter"},"schema":{"@context":"https:\/\/schema.org","@graph":[{"@type":"WebPage","@id":"https:\/\/espoopaiva.fi\/sv\/information-2\/","url":"https:\/\/espoopaiva.fi\/sv\/information-2\/","name":"Esbodagen | Esbo firar!","isPartOf":{"@id":"https:\/\/espoopaiva.fi\/en\/#website"},"datePublished":"2024-05-02T07:22:39+00:00","dateModified":"2025-09-01T14:08:38+00:00","description":"Evenemangen fyller Esbo den 29.-30. augusti, n\u00e4r Esbodagen firas tillsammans. Kom och hitta ditt favorit evenemang!","breadcrumb":{"@id":"https:\/\/espoopaiva.fi\/sv\/information-2\/#breadcrumb"},"inLanguage":"sv-SE","potentialAction":[{"@type":"ReadAction","target":["https:\/\/espoopaiva.fi\/sv\/information-2\/"]}]},{"@type":"BreadcrumbList","@id":"https:\/\/espoopaiva.fi\/sv\/information-2\/#breadcrumb","itemListElement":[{"@type":"ListItem","position":1,"name":"Etusivu","item":"https:\/\/espoopaiva.fi\/sv\/etusivu\/"},{"@type":"ListItem","position":2,"name":"Information"}]},{"@type":"WebSite","@id":"https:\/\/espoopaiva.fi\/en\/#website","url":"https:\/\/espoopaiva.fi\/en\/","name":"Espoo-p\u00e4iv\u00e4","description":"","potentialAction":[{"@type":"SearchAction","target":{"@type":"EntryPoint","urlTemplate":"https:\/\/espoopaiva.fi\/en\/?s={search_term_string}"},"query-input":"required name=search_term_string"}],"inLanguage":"sv-SE"}]}},"_links":{"self":[{"href":"https:\/\/espoopaiva.fi\/sv\/wp-json\/wp\/v2\/pages\/18053","targetHints":{"allow":["GET"]}}],"collection":[{"href":"https:\/\/espoopaiva.fi\/sv\/wp-json\/wp\/v2\/pages"}],"about":[{"href":"https:\/\/espoopaiva.fi\/sv\/wp-json\/wp\/v2\/types\/page"}],"author":[{"embeddable":true,"href":"https:\/\/espoopaiva.fi\/sv\/wp-json\/wp\/v2\/users\/5"}],"replies":[{"embeddable":true,"href":"https:\/\/espoopaiva.fi\/sv\/wp-json\/wp\/v2\/comments?post=18053"}],"version-history":[{"count":23,"href":"https:\/\/espoopaiva.fi\/sv\/wp-json\/wp\/v2\/pages\/18053\/revisions"}],"predecessor-version":[{"id":20304,"href":"https:\/\/espoopaiva.fi\/sv\/wp-json\/wp\/v2\/pages\/18053\/revisions\/20304"}],"wp:featuredmedia":[{"embeddable":true,"href":"https:\/\/espoopaiva.fi\/sv\/wp-json\/wp\/v2\/media\/11571"}],"wp:attachment":[{"href":"https:\/\/espoopaiva.fi\/sv\/wp-json\/wp\/v2\/media?parent=18053"}],"curies":[{"name":"wp","href":"https:\/\/api.w.org\/{rel}","templated":true}]}}