{"id":18072,"date":"2024-05-02T09:58:06","date_gmt":"2024-05-02T07:58:06","guid":{"rendered":"https:\/\/espoopaiva.fi\/for-evenemangsarrangorer-2\/"},"modified":"2025-09-01T16:14:28","modified_gmt":"2025-09-01T14:14:28","slug":"for-evenemangsarrangorer-2","status":"publish","type":"page","link":"https:\/\/espoopaiva.fi\/sv\/for-evenemangsarrangorer-2\/","title":{"rendered":"F\u00f6r evenemangsarrang\u00f6rer"},"content":{"rendered":"\t\t<div data-elementor-type=\"wp-page\" data-elementor-id=\"18072\" class=\"elementor elementor-18072 elementor-17952\" data-elementor-post-type=\"page\">\n\t\t\t\t\t\t\t\t\t<section class=\"elementor-section elementor-top-section elementor-element elementor-element-443aed4 elementor-section-height-min-height elementor-section-items-stretch elementor-section-content-middle elementor-section-full_width elementor-section-stretched elementor-section-height-default\" data-id=\"443aed4\" data-element_type=\"section\" data-settings=\"{&quot;background_background&quot;:&quot;classic&quot;,&quot;stretch_section&quot;:&quot;section-stretched&quot;}\">\n\t\t\t\t\t\t<div class=\"elementor-container elementor-column-gap-no\">\n\t\t\t\t\t<div class=\"elementor-column elementor-col-100 elementor-top-column elementor-element elementor-element-8ea483e\" data-id=\"8ea483e\" data-element_type=\"column\">\n\t\t\t<div class=\"elementor-widget-wrap elementor-element-populated\">\n\t\t\t\t\t\t\t\t<div class=\"elementor-element elementor-element-93b194b elementor-widget__width-initial elementor-widget elementor-widget-heading\" data-id=\"93b194b\" data-element_type=\"widget\" data-widget_type=\"heading.default\">\n\t\t\t\t<div class=\"elementor-widget-container\">\n\t\t\t<h3 class=\"elementor-heading-title elementor-size-default\">Genomf\u00f6r ditt evenemang som en del av Esbo's st\u00f6rsta fest!<\/h3>\t\t<\/div>\n\t\t\t\t<\/div>\n\t\t\t\t\t<\/div>\n\t\t<\/div>\n\t\t\t\t\t\t\t<\/div>\n\t\t<\/section>\n\t\t\t\t<section class=\"elementor-section elementor-top-section elementor-element elementor-element-3a8e42a elementor-section-height-min-height elementor-section-items-stretch elementor-section-content-middle elementor-section-full_width elementor-section-stretched elementor-section-height-default\" data-id=\"3a8e42a\" data-element_type=\"section\" data-settings=\"{&quot;stretch_section&quot;:&quot;section-stretched&quot;}\">\n\t\t\t\t\t\t<div class=\"elementor-container elementor-column-gap-no\">\n\t\t\t\t\t<div class=\"elementor-column elementor-col-100 elementor-top-column elementor-element elementor-element-c615f80\" data-id=\"c615f80\" data-element_type=\"column\" data-settings=\"{&quot;background_background&quot;:&quot;classic&quot;}\">\n\t\t\t<div class=\"elementor-widget-wrap elementor-element-populated\">\n\t\t\t\t\t\t\t\t<div class=\"elementor-element elementor-element-fa46b60 elementor-widget__width-initial elementor-widget elementor-widget-text-editor\" data-id=\"fa46b60\" data-element_type=\"widget\" data-widget_type=\"text-editor.default\">\n\t\t\t\t<div class=\"elementor-widget-container\">\n\t\t\t\t\t\t\t<p><span class=\"TextRun SCXW26108606 BCX8\" lang=\"FI-FI\" xml:lang=\"FI-FI\" data-contrast=\"auto\"><span class=\"NormalTextRun SCXW26108606 BCX8\">\u00c4r du intresserad av att ordna ett litet eller stort evenemang under Esbodagen? Vad bra! Oavsett om du \u00e4r f\u00f6retagare, medlem i en f\u00f6rening eller bara en aktiv inv\u00e5nare i Esbo \u00e4r du varmt v\u00e4lkommen att vara med och ordna v\u00e5r gemensamma fest! <\/span><\/span><span class=\"EOP SCXW26108606 BCX8\" data-ccp-props=\"{\"201341983\":0,\"335559739\":160,\"335559740\":259}\"> <\/span><\/p>\n<p>Sedan 2019 firas Esbodagen den sista l\u00f6rdagen i augusti. Det \u00e4r fr\u00e5ga om ett gemensamt evenemang f\u00f6r hela staden, som byggs upp av program som stadsborna ordnar. Alla slags evenemang kan delta i Esbodagen. Du kan till exempel ordna en gemensam picknick i parken f\u00f6r grannarna, ett musikframtr\u00e4dande eller kanske parkyoga! Starka politiska eller religi\u00f6sa budskap h\u00f6r dock inte till Esbodagen.  <span data-ccp-props=\"{\"201341983\":0,\"335559739\":160,\"335559740\":259}\"> <\/p>\n<p>Sedan 2023 har festligheterna b\u00f6rjat redan p\u00e5 fredagen. Fredagens program inneh\u00e5ller \u00e4ven avgiftsbelagda evenemang.  <\/span><span data-contrast=\"auto\">L\u00f6rdagens evenemang \u00e4r avgiftsfria och \u00f6ppna f\u00f6r alla. <\/span><\/p>\n\t\t\t\t\t\t<\/div>\n\t\t\t\t<\/div>\n\t\t\t\t\t<\/div>\n\t\t<\/div>\n\t\t\t\t\t\t\t<\/div>\n\t\t<\/section>\n\t\t\t\t<section class=\"elementor-section elementor-top-section elementor-element elementor-element-aa5e576 elementor-section-height-min-height elementor-section-items-stretch elementor-section-content-middle elementor-section-full_width elementor-section-stretched elementor-section-height-default\" data-id=\"aa5e576\" data-element_type=\"section\" data-settings=\"{&quot;background_background&quot;:&quot;classic&quot;,&quot;stretch_section&quot;:&quot;section-stretched&quot;}\">\n\t\t\t\t\t\t<div class=\"elementor-container elementor-column-gap-no\">\n\t\t\t\t\t<div class=\"elementor-column elementor-col-100 elementor-top-column elementor-element elementor-element-d1f3c00\" data-id=\"d1f3c00\" data-element_type=\"column\">\n\t\t\t<div class=\"elementor-widget-wrap elementor-element-populated\">\n\t\t\t\t\t\t\t\t<div class=\"elementor-element elementor-element-596dea4 elementor-widget elementor-widget-heading\" data-id=\"596dea4\" data-element_type=\"widget\" data-widget_type=\"heading.default\">\n\t\t\t\t<div class=\"elementor-widget-container\">\n\t\t\t<h3 class=\"elementor-heading-title elementor-size-default\">Anvisningar f\u00f6r ordnande av ett eget evenemang<\/h3>\t\t<\/div>\n\t\t\t\t<\/div>\n\t\t\t\t<div class=\"elementor-element elementor-element-44f2cd9 elementor-widget elementor-widget-toggle\" data-id=\"44f2cd9\" data-element_type=\"widget\" data-widget_type=\"toggle.default\">\n\t\t\t\t<div class=\"elementor-widget-container\">\n\t\t\t\t\t<div class=\"elementor-toggle\">\n\t\t\t\t\t\t\t<div class=\"elementor-toggle-item\">\n\t\t\t\t\t<div id=\"elementor-tab-title-7221\" class=\"elementor-tab-title\" data-tab=\"1\" role=\"button\" aria-controls=\"elementor-tab-content-7221\" aria-expanded=\"false\">\n\t\t\t\t\t\t\t\t\t\t\t\t<span class=\"elementor-toggle-icon elementor-toggle-icon-left\" aria-hidden=\"true\">\n\t\t\t\t\t\t\t\t\t\t\t\t\t\t\t<span class=\"elementor-toggle-icon-closed\"><i class=\"fas fa-caret-right\"><\/i><\/span>\n\t\t\t\t\t\t\t\t<span class=\"elementor-toggle-icon-opened\"><i class=\"elementor-toggle-icon-opened fas fa-caret-up\"><\/i><\/span>\n\t\t\t\t\t\t\t\t\t\t\t\t\t<\/span>\n\t\t\t\t\t\t\t\t\t\t\t\t<a class=\"elementor-toggle-title\" tabindex=\"0\">Hur hittar jag en plats f\u00f6r mitt evenemang?<\/a>\n\t\t\t\t\t<\/div>\n\n\t\t\t\t\t<div id=\"elementor-tab-content-7221\" class=\"elementor-tab-content elementor-clearfix\" data-tab=\"1\" role=\"region\" aria-labelledby=\"elementor-tab-title-7221\"><p>En av de f\u00f6rsta sakerna man funderar p\u00e5 n\u00e4r man ordnar ett evenemang \u00e4r var det ska ordnas. Esbo erbjuder m\u00e5nga bra platser f\u00f6r evenemang, eftersom vi har m\u00e5nga parker, torg, str\u00e4nder och andra fina platser som passar f\u00f6r olika evenemang. <\/p>\n<p>P\u00e5 Esbo-dagen \u00e4r anv\u00e4ndningen av stadens markomr\u00e5den gratis, och det kr\u00e4vs ingen ans\u00f6kan om markanv\u00e4ndningstillst\u00e5nd f\u00f6r detta. Ta reda p\u00e5 vem som \u00e4ger det specifika omr\u00e5det och om det planeras andra evenemang d\u00e4r.  <\/p>\n<p>Mer information om evenemangsplatser finns <a href=\"https:\/\/www.espoo.fi\/fi\/kaupunkitapahtumat-espoo\/tapahtumapaikat\">h\u00e4r<\/a>.<\/p>\n<\/div>\n\t\t\t\t<\/div>\n\t\t\t\t\t\t\t\t<\/div>\n\t\t\t\t<\/div>\n\t\t\t\t<\/div>\n\t\t\t\t<div class=\"elementor-element elementor-element-9dbb530 elementor-widget elementor-widget-toggle\" data-id=\"9dbb530\" data-element_type=\"widget\" data-widget_type=\"toggle.default\">\n\t\t\t\t<div class=\"elementor-widget-container\">\n\t\t\t\t\t<div class=\"elementor-toggle\">\n\t\t\t\t\t\t\t<div class=\"elementor-toggle-item\">\n\t\t\t\t\t<div id=\"elementor-tab-title-1651\" class=\"elementor-tab-title\" data-tab=\"1\" role=\"button\" aria-controls=\"elementor-tab-content-1651\" aria-expanded=\"false\">\n\t\t\t\t\t\t\t\t\t\t\t\t<span class=\"elementor-toggle-icon elementor-toggle-icon-left\" aria-hidden=\"true\">\n\t\t\t\t\t\t\t\t\t\t\t\t\t\t\t<span class=\"elementor-toggle-icon-closed\"><i class=\"fas fa-caret-right\"><\/i><\/span>\n\t\t\t\t\t\t\t\t<span class=\"elementor-toggle-icon-opened\"><i class=\"elementor-toggle-icon-opened fas fa-caret-up\"><\/i><\/span>\n\t\t\t\t\t\t\t\t\t\t\t\t\t<\/span>\n\t\t\t\t\t\t\t\t\t\t\t\t<a class=\"elementor-toggle-title\" tabindex=\"0\">Hur vet jag vilka tillst\u00e5nd som beh\u00f6vs f\u00f6r mitt evenemang?<\/a>\n\t\t\t\t\t<\/div>\n\n\t\t\t\t\t<div id=\"elementor-tab-content-1651\" class=\"elementor-tab-content elementor-clearfix\" data-tab=\"1\" role=\"region\" aria-labelledby=\"elementor-tab-title-1651\"><p>Ett evenemang i staden kan kr\u00e4va olika tillst\u00e5nd och anm\u00e4lningar beroende p\u00e5 evenemangets storlek och karakt\u00e4r. Anordnandet av publikevenemang och tillst\u00e4llningar \u00f6vervakas av m\u00e5nga olika akt\u00f6rer och myndigheter, och evenemangsarrang\u00f6ren ska ordna med de n\u00f6dv\u00e4ndiga tillst\u00e5nden, anm\u00e4lningarna och arrangemangen i god tid f\u00f6re evenemanget. Mer information om olika tillst\u00e5nd och hur du ans\u00f6ker om dem finns <a href=\"https:\/\/www.espoo.fi\/fi\/kaupunki-ja-paatoksenteko\/tapahtumaluvat-ja-alueet\">h\u00e4r<\/a>.  <\/p>\n<p>Under Esbodagen \u00e4r det till\u00e5tet att arrangera evenemang p\u00e5 stadens markomr\u00e5den utan separat markanv\u00e4ndningstillst\u00e5nd. \u00d6vriga tillst\u00e5nd ska hanteras korrekt beroende p\u00e5 evenemangets storlek och inneh\u00e5ll. Observera att det kan komma andra evenemang till samma omr\u00e5de.  <\/p>\n<p>Stadens markomr\u00e5den hittar du p\u00e5 <a href=\"https:\/\/kartat.espoo.fi\/ims\">Espoos karttj\u00e4nst<\/a> (v\u00e4nster \u00f6vermeny &#8211; V\u00e4lj data som ska visas p\u00e5 kartan &#8211; Kartor &#8211; Stads\u00e4gande).<\/p>\n<p>Om evenemanget placeras p\u00e5 annat st\u00e4lle \u00e4n stadens markomr\u00e5de, m\u00e5ste tillst\u00e5ndet s\u00f6kas fr\u00e5n mark\u00e4garen.<\/p>\n<\/div>\n\t\t\t\t<\/div>\n\t\t\t\t\t\t\t\t<\/div>\n\t\t\t\t<\/div>\n\t\t\t\t<\/div>\n\t\t\t\t<div class=\"elementor-element elementor-element-4167c73 elementor-widget elementor-widget-toggle\" data-id=\"4167c73\" data-element_type=\"widget\" data-widget_type=\"toggle.default\">\n\t\t\t\t<div class=\"elementor-widget-container\">\n\t\t\t\t\t<div class=\"elementor-toggle\">\n\t\t\t\t\t\t\t<div class=\"elementor-toggle-item\">\n\t\t\t\t\t<div id=\"elementor-tab-title-6851\" class=\"elementor-tab-title\" data-tab=\"1\" role=\"button\" aria-controls=\"elementor-tab-content-6851\" aria-expanded=\"false\">\n\t\t\t\t\t\t\t\t\t\t\t\t<span class=\"elementor-toggle-icon elementor-toggle-icon-left\" aria-hidden=\"true\">\n\t\t\t\t\t\t\t\t\t\t\t\t\t\t\t<span class=\"elementor-toggle-icon-closed\"><i class=\"fas fa-caret-right\"><\/i><\/span>\n\t\t\t\t\t\t\t\t<span class=\"elementor-toggle-icon-opened\"><i class=\"elementor-toggle-icon-opened fas fa-caret-up\"><\/i><\/span>\n\t\t\t\t\t\t\t\t\t\t\t\t\t<\/span>\n\t\t\t\t\t\t\t\t\t\t\t\t<a class=\"elementor-toggle-title\" tabindex=\"0\">Hur kan jag beakta milj\u00f6konsekvenserna av mitt evenemang?<\/a>\n\t\t\t\t\t<\/div>\n\n\t\t\t\t\t<div id=\"elementor-tab-content-6851\" class=\"elementor-tab-content elementor-clearfix\" data-tab=\"1\" role=\"region\" aria-labelledby=\"elementor-tab-title-6851\"><p>Evenemangsarrang\u00f6ren ska alltid ocks\u00e5 t\u00e4nka igenom evenemangets effekter p\u00e5 milj\u00f6n. Mer information om hur man ska beakta milj\u00f6n n\u00e4r man ordnar ett evenemang finns <a href=\"https:\/\/www.espoo.fi\/fi\/kaupunki-ja-paatoksenteko\/vastuullinen-ja-kestava-tapahtuma#ympristvastuu-ja-kestv-kehitys-72752\">h\u00e4r<\/a>. Vi f\u00f6rs\u00f6ker tillsammans h\u00e5lla naturen och milj\u00f6n rena!<\/p>\n<\/div>\n\t\t\t\t<\/div>\n\t\t\t\t\t\t\t\t<\/div>\n\t\t\t\t<\/div>\n\t\t\t\t<\/div>\n\t\t\t\t<div class=\"elementor-element elementor-element-0fb3a59 elementor-widget elementor-widget-toggle\" data-id=\"0fb3a59\" data-element_type=\"widget\" data-widget_type=\"toggle.default\">\n\t\t\t\t<div class=\"elementor-widget-container\">\n\t\t\t\t\t<div class=\"elementor-toggle\">\n\t\t\t\t\t\t\t<div class=\"elementor-toggle-item\">\n\t\t\t\t\t<div id=\"elementor-tab-title-1641\" class=\"elementor-tab-title\" data-tab=\"1\" role=\"button\" aria-controls=\"elementor-tab-content-1641\" aria-expanded=\"false\">\n\t\t\t\t\t\t\t\t\t\t\t\t<span class=\"elementor-toggle-icon elementor-toggle-icon-left\" aria-hidden=\"true\">\n\t\t\t\t\t\t\t\t\t\t\t\t\t\t\t<span class=\"elementor-toggle-icon-closed\"><i class=\"fas fa-caret-right\"><\/i><\/span>\n\t\t\t\t\t\t\t\t<span class=\"elementor-toggle-icon-opened\"><i class=\"elementor-toggle-icon-opened fas fa-caret-up\"><\/i><\/span>\n\t\t\t\t\t\t\t\t\t\t\t\t\t<\/span>\n\t\t\t\t\t\t\t\t\t\t\t\t<a class=\"elementor-toggle-title\" tabindex=\"0\">Hur g\u00f6r jag mitt evenemang tillg\u00e4ngligt?<\/a>\n\t\t\t\t\t<\/div>\n\n\t\t\t\t\t<div id=\"elementor-tab-content-1641\" class=\"elementor-tab-content elementor-clearfix\" data-tab=\"1\" role=\"region\" aria-labelledby=\"elementor-tab-title-1641\"><p>Esbo \u00e4r en j\u00e4mlik stad f\u00f6r alla, och vi f\u00f6rs\u00f6ker att ocks\u00e5 g\u00f6ra v\u00e5ra evenemang tillg\u00e4ngliga f\u00f6r alla. Med tillg\u00e4nglighet avses till exempel att evenemangsplatsen \u00e4r tillg\u00e4nglig, att kommunikationen \u00e4r tydlig och att bes\u00f6karen kan k\u00e4nna sig v\u00e4lkommen. Vi \u00f6nskar att evenemangsarrang\u00f6rerna t\u00e4nker p\u00e5 tillg\u00e4ngligheten. Information om hur du g\u00f6r ditt evenemang s\u00e5 tillg\u00e4ngligt som m\u00f6jligt finns <a href=\"https:\/\/www.espoo.fi\/fi\/kaupunkitapahtumat-espoo\/tapahtumien-saavutettavuus\">h\u00e4r<\/a>.  <\/p>\n<\/div>\n\t\t\t\t<\/div>\n\t\t\t\t\t\t\t\t<\/div>\n\t\t\t\t<\/div>\n\t\t\t\t<\/div>\n\t\t\t\t\t<\/div>\n\t\t<\/div>\n\t\t\t\t\t\t\t<\/div>\n\t\t<\/section>\n\t\t\t\t\t\t\t<\/div>\n\t\t","protected":false},"excerpt":{"rendered":"<p>Genomf\u00f6r ditt evenemang som en del av Esbo&#8217;s st\u00f6rsta fest! \u00c4r du intresserad av att ordna ett litet eller stort evenemang under Esbodagen? Vad bra! Oavsett om du \u00e4r f\u00f6retagare, medlem i en f\u00f6rening eller bara en aktiv inv\u00e5nare i Esbo \u00e4r du varmt v\u00e4lkommen att vara med och ordna v\u00e5r gemensamma fest! Sedan 2019 [&hellip;]<\/p>\n","protected":false},"author":5,"featured_media":17963,"parent":0,"menu_order":0,"comment_status":"closed","ping_status":"closed","template":"","meta":{"inline_featured_image":false,"footnotes":""},"class_list":["post-18072","page","type-page","status-publish","has-post-thumbnail","hentry"],"yoast_head":"<!-- This site is optimized with the Yoast SEO plugin v20.12 - https:\/\/yoast.com\/wordpress\/plugins\/seo\/ -->\n<title>Esbodagen | Esbo firar!<\/title>\n<meta name=\"description\" content=\"Evenemang fyller Esbo den 29\u201330 augusti n\u00e4r Esbodagen firas tillsammans. Kom och hitta ditt favoritprogram!\" \/>\n<meta name=\"robots\" content=\"index, follow, max-snippet:-1, max-image-preview:large, max-video-preview:-1\" \/>\n<link rel=\"canonical\" href=\"https:\/\/espoopaiva.fi\/sv\/for-evenemangsarrangorer-2\/\" \/>\n<meta property=\"og:locale\" content=\"sv_SE\" \/>\n<meta property=\"og:type\" content=\"article\" \/>\n<meta property=\"og:title\" content=\"Esbodagen | Esbo firar!\" \/>\n<meta property=\"og:description\" content=\"Evenemang fyller Esbo den 29\u201330 augusti n\u00e4r Esbodagen firas tillsammans. Kom och hitta ditt favoritprogram!\" \/>\n<meta property=\"og:url\" content=\"https:\/\/espoopaiva.fi\/sv\/for-evenemangsarrangorer-2\/\" \/>\n<meta property=\"og:site_name\" content=\"Esbodagen\" \/>\n<meta property=\"article:modified_time\" content=\"2025-09-01T14:14:28+00:00\" \/>\n<meta property=\"og:image\" content=\"https:\/\/espoopaiva.fi\/wp-content\/uploads\/2024\/04\/MG_6542_c_Jussi_Hellsten-scaled-e1714373995652.jpg\" \/>\n\t<meta property=\"og:image:width\" content=\"2560\" \/>\n\t<meta property=\"og:image:height\" content=\"1707\" \/>\n\t<meta property=\"og:image:type\" content=\"image\/jpeg\" \/>\n<meta name=\"twitter:card\" content=\"summary_large_image\" \/>\n<meta name=\"twitter:label1\" content=\"Ber\u00e4knad l\u00e4stid\" \/>\n\t<meta name=\"twitter:data1\" content=\"3 minuter\" \/>\n<script type=\"application\/ld+json\" class=\"yoast-schema-graph\">{\"@context\":\"https:\/\/schema.org\",\"@graph\":[{\"@type\":\"WebPage\",\"@id\":\"https:\/\/espoopaiva.fi\/sv\/for-evenemangsarrangorer-2\/\",\"url\":\"https:\/\/espoopaiva.fi\/sv\/for-evenemangsarrangorer-2\/\",\"name\":\"Esbodagen | Esbo firar!\",\"isPartOf\":{\"@id\":\"https:\/\/espoopaiva.fi\/en\/#website\"},\"datePublished\":\"2024-05-02T07:58:06+00:00\",\"dateModified\":\"2025-09-01T14:14:28+00:00\",\"description\":\"Evenemang fyller Esbo den 29\u201330 augusti n\u00e4r Esbodagen firas tillsammans. Kom och hitta ditt favoritprogram!\",\"breadcrumb\":{\"@id\":\"https:\/\/espoopaiva.fi\/sv\/for-evenemangsarrangorer-2\/#breadcrumb\"},\"inLanguage\":\"sv-SE\",\"potentialAction\":[{\"@type\":\"ReadAction\",\"target\":[\"https:\/\/espoopaiva.fi\/sv\/for-evenemangsarrangorer-2\/\"]}]},{\"@type\":\"BreadcrumbList\",\"@id\":\"https:\/\/espoopaiva.fi\/sv\/for-evenemangsarrangorer-2\/#breadcrumb\",\"itemListElement\":[{\"@type\":\"ListItem\",\"position\":1,\"name\":\"Etusivu\",\"item\":\"https:\/\/espoopaiva.fi\/sv\/etusivu\/\"},{\"@type\":\"ListItem\",\"position\":2,\"name\":\"F\u00f6r evenemangsarrang\u00f6rer\"}]},{\"@type\":\"WebSite\",\"@id\":\"https:\/\/espoopaiva.fi\/en\/#website\",\"url\":\"https:\/\/espoopaiva.fi\/en\/\",\"name\":\"Espoo-p\u00e4iv\u00e4\",\"description\":\"\",\"potentialAction\":[{\"@type\":\"SearchAction\",\"target\":{\"@type\":\"EntryPoint\",\"urlTemplate\":\"https:\/\/espoopaiva.fi\/en\/?s={search_term_string}\"},\"query-input\":\"required name=search_term_string\"}],\"inLanguage\":\"sv-SE\"}]}<\/script>\n<!-- \/ Yoast SEO plugin. -->","yoast_head_json":{"title":"Esbodagen | Esbo firar!","description":"Evenemang fyller Esbo den 29\u201330 augusti n\u00e4r Esbodagen firas tillsammans. Kom och hitta ditt favoritprogram!","robots":{"index":"index","follow":"follow","max-snippet":"max-snippet:-1","max-image-preview":"max-image-preview:large","max-video-preview":"max-video-preview:-1"},"canonical":"https:\/\/espoopaiva.fi\/sv\/for-evenemangsarrangorer-2\/","og_locale":"sv_SE","og_type":"article","og_title":"Esbodagen | Esbo firar!","og_description":"Evenemang fyller Esbo den 29\u201330 augusti n\u00e4r Esbodagen firas tillsammans. Kom och hitta ditt favoritprogram!","og_url":"https:\/\/espoopaiva.fi\/sv\/for-evenemangsarrangorer-2\/","og_site_name":"Esbodagen","article_modified_time":"2025-09-01T14:14:28+00:00","og_image":[{"width":2560,"height":1707,"url":"https:\/\/espoopaiva.fi\/wp-content\/uploads\/2024\/04\/MG_6542_c_Jussi_Hellsten-scaled-e1714373995652.jpg","type":"image\/jpeg"}],"twitter_card":"summary_large_image","twitter_misc":{"Ber\u00e4knad l\u00e4stid":"3 minuter"},"schema":{"@context":"https:\/\/schema.org","@graph":[{"@type":"WebPage","@id":"https:\/\/espoopaiva.fi\/sv\/for-evenemangsarrangorer-2\/","url":"https:\/\/espoopaiva.fi\/sv\/for-evenemangsarrangorer-2\/","name":"Esbodagen | Esbo firar!","isPartOf":{"@id":"https:\/\/espoopaiva.fi\/en\/#website"},"datePublished":"2024-05-02T07:58:06+00:00","dateModified":"2025-09-01T14:14:28+00:00","description":"Evenemang fyller Esbo den 29\u201330 augusti n\u00e4r Esbodagen firas tillsammans. Kom och hitta ditt favoritprogram!","breadcrumb":{"@id":"https:\/\/espoopaiva.fi\/sv\/for-evenemangsarrangorer-2\/#breadcrumb"},"inLanguage":"sv-SE","potentialAction":[{"@type":"ReadAction","target":["https:\/\/espoopaiva.fi\/sv\/for-evenemangsarrangorer-2\/"]}]},{"@type":"BreadcrumbList","@id":"https:\/\/espoopaiva.fi\/sv\/for-evenemangsarrangorer-2\/#breadcrumb","itemListElement":[{"@type":"ListItem","position":1,"name":"Etusivu","item":"https:\/\/espoopaiva.fi\/sv\/etusivu\/"},{"@type":"ListItem","position":2,"name":"F\u00f6r evenemangsarrang\u00f6rer"}]},{"@type":"WebSite","@id":"https:\/\/espoopaiva.fi\/en\/#website","url":"https:\/\/espoopaiva.fi\/en\/","name":"Espoo-p\u00e4iv\u00e4","description":"","potentialAction":[{"@type":"SearchAction","target":{"@type":"EntryPoint","urlTemplate":"https:\/\/espoopaiva.fi\/en\/?s={search_term_string}"},"query-input":"required name=search_term_string"}],"inLanguage":"sv-SE"}]}},"_links":{"self":[{"href":"https:\/\/espoopaiva.fi\/sv\/wp-json\/wp\/v2\/pages\/18072","targetHints":{"allow":["GET"]}}],"collection":[{"href":"https:\/\/espoopaiva.fi\/sv\/wp-json\/wp\/v2\/pages"}],"about":[{"href":"https:\/\/espoopaiva.fi\/sv\/wp-json\/wp\/v2\/types\/page"}],"author":[{"embeddable":true,"href":"https:\/\/espoopaiva.fi\/sv\/wp-json\/wp\/v2\/users\/5"}],"replies":[{"embeddable":true,"href":"https:\/\/espoopaiva.fi\/sv\/wp-json\/wp\/v2\/comments?post=18072"}],"version-history":[{"count":26,"href":"https:\/\/espoopaiva.fi\/sv\/wp-json\/wp\/v2\/pages\/18072\/revisions"}],"predecessor-version":[{"id":20322,"href":"https:\/\/espoopaiva.fi\/sv\/wp-json\/wp\/v2\/pages\/18072\/revisions\/20322"}],"wp:featuredmedia":[{"embeddable":true,"href":"https:\/\/espoopaiva.fi\/sv\/wp-json\/wp\/v2\/media\/17963"}],"wp:attachment":[{"href":"https:\/\/espoopaiva.fi\/sv\/wp-json\/wp\/v2\/media?parent=18072"}],"curies":[{"name":"wp","href":"https:\/\/api.w.org\/{rel}","templated":true}]}}