{"id":18845,"date":"2024-08-01T09:05:46","date_gmt":"2024-08-01T07:05:46","guid":{"rendered":"https:\/\/espoopaiva.fi\/kampanj-for-restaurangen-tonys-corner\/"},"modified":"2024-08-01T09:05:47","modified_gmt":"2024-08-01T07:05:47","slug":"kampanj-for-restaurangen-tonys-corner","status":"publish","type":"page","link":"https:\/\/espoopaiva.fi\/sv\/kampanj-for-restaurangen-tonys-corner\/","title":{"rendered":"Kampanj f\u00f6r restaurangen Tony&#8217;s Corner"},"content":{"rendered":"\t\t<div data-elementor-type=\"wp-page\" data-elementor-id=\"18845\" class=\"elementor elementor-18845\" data-elementor-post-type=\"page\">\n\t\t\t\t\t\t\t\t\t<section class=\"elementor-section elementor-top-section elementor-element elementor-element-27fa820 elementor-section-boxed elementor-section-height-default elementor-section-height-default\" data-id=\"27fa820\" data-element_type=\"section\">\n\t\t\t\t\t\t<div class=\"elementor-container elementor-column-gap-default\">\n\t\t\t\t\t<div class=\"elementor-column elementor-col-100 elementor-top-column elementor-element elementor-element-c650d42\" data-id=\"c650d42\" data-element_type=\"column\">\n\t\t\t<div class=\"elementor-widget-wrap elementor-element-populated\">\n\t\t\t\t\t\t\t\t<div class=\"elementor-element elementor-element-6df9f15 elementor-widget elementor-widget-spacer\" data-id=\"6df9f15\" data-element_type=\"widget\" data-widget_type=\"spacer.default\">\n\t\t\t\t<div class=\"elementor-widget-container\">\n\t\t\t\t\t<div class=\"elementor-spacer\">\n\t\t\t<div class=\"elementor-spacer-inner\"><\/div>\n\t\t<\/div>\n\t\t\t\t<\/div>\n\t\t\t\t<\/div>\n\t\t\t\t\t<\/div>\n\t\t<\/div>\n\t\t\t\t\t\t\t<\/div>\n\t\t<\/section>\n\t\t\t\t<section class=\"elementor-section elementor-top-section elementor-element elementor-element-5b0a07d elementor-section-boxed elementor-section-height-default elementor-section-height-default\" data-id=\"5b0a07d\" data-element_type=\"section\">\n\t\t\t\t\t\t<div class=\"elementor-container elementor-column-gap-default\">\n\t\t\t\t\t<div class=\"elementor-column elementor-col-100 elementor-top-column elementor-element elementor-element-9531f24\" data-id=\"9531f24\" data-element_type=\"column\" data-settings=\"{&quot;background_background&quot;:&quot;classic&quot;}\">\n\t\t\t<div class=\"elementor-widget-wrap elementor-element-populated\">\n\t\t\t\t\t\t\t\t<div class=\"elementor-element elementor-element-1ce47c2 elementor-position-top elementor-widget elementor-widget-image-box\" data-id=\"1ce47c2\" data-element_type=\"widget\" data-widget_type=\"image-box.default\">\n\t\t\t\t<div class=\"elementor-widget-container\">\n\t\t\t<div class=\"elementor-image-box-wrapper\"><figure class=\"elementor-image-box-img\"><a href=\"https:\/\/tonyscorner.fi\/\" target=\"_blank\"><img loading=\"lazy\" decoding=\"async\" width=\"1920\" height=\"624\" src=\"https:\/\/espoopaiva.fi\/wp-content\/uploads\/2024\/07\/Espoo-Lab-events-2.jpg\" class=\"attachment-full size-full wp-image-18791\" alt=\"\" srcset=\"https:\/\/espoopaiva.fi\/wp-content\/uploads\/2024\/07\/Espoo-Lab-events-2.jpg 1920w, https:\/\/espoopaiva.fi\/wp-content\/uploads\/2024\/07\/Espoo-Lab-events-2-300x98.jpg 300w, https:\/\/espoopaiva.fi\/wp-content\/uploads\/2024\/07\/Espoo-Lab-events-2-1024x333.jpg 1024w, https:\/\/espoopaiva.fi\/wp-content\/uploads\/2024\/07\/Espoo-Lab-events-2-768x250.jpg 768w, https:\/\/espoopaiva.fi\/wp-content\/uploads\/2024\/07\/Espoo-Lab-events-2-1536x499.jpg 1536w\" sizes=\"auto, (max-width: 1920px) 100vw, 1920px\" \/><\/a><\/figure><div class=\"elementor-image-box-content\"><h3 class=\"elementor-image-box-title\"><a href=\"https:\/\/tonyscorner.fi\/\" target=\"_blank\"><span style=\"color: var( --e-global-color-3300573 ); font-family: Poppins, sans-serif; font-size: 65px; letter-spacing: normal; text-align: start;\">Restaurang Tony's Corners kampanj f\u00f6r Esbodagen<\/span><\/a><\/h3><\/div><\/div>\t\t<\/div>\n\t\t\t\t<\/div>\n\t\t\t\t\t<\/div>\n\t\t<\/div>\n\t\t\t\t\t\t\t<\/div>\n\t\t<\/section>\n\t\t\t\t<section class=\"elementor-section elementor-top-section elementor-element elementor-element-3a1a9e1 elementor-section-boxed elementor-section-height-default elementor-section-height-default\" data-id=\"3a1a9e1\" data-element_type=\"section\">\n\t\t\t\t\t\t<div class=\"elementor-container elementor-column-gap-default\">\n\t\t\t\t\t<div class=\"elementor-column elementor-col-100 elementor-top-column elementor-element elementor-element-8d9b511\" data-id=\"8d9b511\" data-element_type=\"column\">\n\t\t\t<div class=\"elementor-widget-wrap elementor-element-populated\">\n\t\t\t\t\t\t\t\t<div class=\"elementor-element elementor-element-f35ac73 elementor-widget elementor-widget-text-editor\" data-id=\"f35ac73\" data-element_type=\"widget\" data-widget_type=\"text-editor.default\">\n\t\t\t\t<div class=\"elementor-widget-container\">\n\t\t\t\t\t\t\t<p style=\"text-align: center;\">Restaurang Tony&#8217;s Corner deltar i Esbodagen! Kampanjerna g\u00e4ller under Esbodagens vecka fr\u00e5n m\u00e5ndagen den 26 augusti till l\u00f6rdagen den 31 augusti.   <\/p>\n<ul>\n<li>Gratis leverans n\u00e4r du best\u00e4ller inom tre kilometer fr\u00e5n restaurangen. Du kan best\u00e4lla genom att ringa eller WhatsApp 044 0656526. <\/li>\n<li>F\u00f6r best\u00e4llningar \u00f6ver 40 \u20ac 10% rabatt, ange Tony&#8217;s Special 2024 i din best\u00e4llning s\u00e5 f\u00e5r du rabatten vid betalning.<\/li>\n<li>Gratis Mango Lassi till en huvudm\u00e5ltid.<\/li>\n<\/ul>\n<p style=\"text-align: center;\">L\u00e4s mer: <a href=\"https:\/\/tonyscorner.fi\/\">https:\/\/tonyscorner.fi\/<\/a><\/p>\n\t\t\t\t\t\t<\/div>\n\t\t\t\t<\/div>\n\t\t\t\t\t<\/div>\n\t\t<\/div>\n\t\t\t\t\t\t\t<\/div>\n\t\t<\/section>\n\t\t\t\t\t\t\t<\/div>\n\t\t","protected":false},"excerpt":{"rendered":"<p>Restaurang Tony&#8217;s Corners kampanj f\u00f6r Esbodagen Restaurang Tony&#8217;s Corner deltar i Esbodagen! Kampanjerna g\u00e4ller under Esbodagens vecka fr\u00e5n m\u00e5ndagen den 26 augusti till l\u00f6rdagen den 31 augusti. Gratis leverans n\u00e4r du best\u00e4ller inom tre kilometer fr\u00e5n restaurangen. Du kan best\u00e4lla genom att ringa eller WhatsApp 044 0656526. F\u00f6r best\u00e4llningar \u00f6ver 40 \u20ac 10% rabatt, ange [&hellip;]<\/p>\n","protected":false},"author":5,"featured_media":18817,"parent":0,"menu_order":0,"comment_status":"closed","ping_status":"closed","template":"","meta":{"inline_featured_image":false,"footnotes":""},"class_list":["post-18845","page","type-page","status-publish","has-post-thumbnail","hentry"],"yoast_head":"<!-- This site is optimized with the Yoast SEO plugin v20.12 - https:\/\/yoast.com\/wordpress\/plugins\/seo\/ -->\n<title>Kampanj f\u00f6r restaurangen Tony&#039;s Corner | Esbodagen<\/title>\n<meta name=\"robots\" content=\"index, follow, max-snippet:-1, max-image-preview:large, max-video-preview:-1\" \/>\n<link rel=\"canonical\" href=\"https:\/\/espoopaiva.fi\/sv\/kampanj-for-restaurangen-tonys-corner\/\" \/>\n<meta property=\"og:locale\" content=\"sv_SE\" \/>\n<meta property=\"og:type\" content=\"article\" \/>\n<meta property=\"og:title\" content=\"Kampanj f\u00f6r restaurangen Tony&#039;s Corner | Esbodagen\" \/>\n<meta property=\"og:description\" content=\"Restaurang Tony&#8217;s Corners kampanj f\u00f6r Esbodagen Restaurang Tony&#8217;s Corner deltar i Esbodagen! Kampanjerna g\u00e4ller under Esbodagens vecka fr\u00e5n m\u00e5ndagen den 26 augusti till l\u00f6rdagen den 31 augusti. Gratis leverans n\u00e4r du best\u00e4ller inom tre kilometer fr\u00e5n restaurangen. Du kan best\u00e4lla genom att ringa eller WhatsApp 044 0656526. F\u00f6r best\u00e4llningar \u00f6ver 40 \u20ac 10% rabatt, ange [&hellip;]\" \/>\n<meta property=\"og:url\" content=\"https:\/\/espoopaiva.fi\/sv\/kampanj-for-restaurangen-tonys-corner\/\" \/>\n<meta property=\"og:site_name\" content=\"Esbodagen\" \/>\n<meta property=\"article:modified_time\" content=\"2024-08-01T07:05:47+00:00\" \/>\n<meta property=\"og:image\" content=\"https:\/\/espoopaiva.fi\/wp-content\/uploads\/2024\/08\/9b660ded-11ab-4684-ae8e-3bba15a6bc7e.png\" \/>\n\t<meta property=\"og:image:width\" content=\"940\" \/>\n\t<meta property=\"og:image:height\" content=\"788\" \/>\n\t<meta property=\"og:image:type\" content=\"image\/png\" \/>\n<meta name=\"twitter:card\" content=\"summary_large_image\" \/>\n<script type=\"application\/ld+json\" class=\"yoast-schema-graph\">{\"@context\":\"https:\/\/schema.org\",\"@graph\":[{\"@type\":\"WebPage\",\"@id\":\"https:\/\/espoopaiva.fi\/sv\/kampanj-for-restaurangen-tonys-corner\/\",\"url\":\"https:\/\/espoopaiva.fi\/sv\/kampanj-for-restaurangen-tonys-corner\/\",\"name\":\"Kampanj f\u00f6r restaurangen Tony's Corner | Esbodagen\",\"isPartOf\":{\"@id\":\"https:\/\/espoopaiva.fi\/en\/#website\"},\"datePublished\":\"2024-08-01T07:05:46+00:00\",\"dateModified\":\"2024-08-01T07:05:47+00:00\",\"breadcrumb\":{\"@id\":\"https:\/\/espoopaiva.fi\/sv\/kampanj-for-restaurangen-tonys-corner\/#breadcrumb\"},\"inLanguage\":\"sv-SE\",\"potentialAction\":[{\"@type\":\"ReadAction\",\"target\":[\"https:\/\/espoopaiva.fi\/sv\/kampanj-for-restaurangen-tonys-corner\/\"]}]},{\"@type\":\"BreadcrumbList\",\"@id\":\"https:\/\/espoopaiva.fi\/sv\/kampanj-for-restaurangen-tonys-corner\/#breadcrumb\",\"itemListElement\":[{\"@type\":\"ListItem\",\"position\":1,\"name\":\"Etusivu\",\"item\":\"https:\/\/espoopaiva.fi\/sv\/etusivu\/\"},{\"@type\":\"ListItem\",\"position\":2,\"name\":\"Kampanj f\u00f6r restaurangen Tony&#8217;s Corner\"}]},{\"@type\":\"WebSite\",\"@id\":\"https:\/\/espoopaiva.fi\/en\/#website\",\"url\":\"https:\/\/espoopaiva.fi\/en\/\",\"name\":\"Espoo-p\u00e4iv\u00e4\",\"description\":\"\",\"potentialAction\":[{\"@type\":\"SearchAction\",\"target\":{\"@type\":\"EntryPoint\",\"urlTemplate\":\"https:\/\/espoopaiva.fi\/en\/?s={search_term_string}\"},\"query-input\":\"required name=search_term_string\"}],\"inLanguage\":\"sv-SE\"}]}<\/script>\n<!-- \/ Yoast SEO plugin. -->","yoast_head_json":{"title":"Kampanj f\u00f6r restaurangen Tony's Corner | Esbodagen","robots":{"index":"index","follow":"follow","max-snippet":"max-snippet:-1","max-image-preview":"max-image-preview:large","max-video-preview":"max-video-preview:-1"},"canonical":"https:\/\/espoopaiva.fi\/sv\/kampanj-for-restaurangen-tonys-corner\/","og_locale":"sv_SE","og_type":"article","og_title":"Kampanj f\u00f6r restaurangen Tony's Corner | Esbodagen","og_description":"Restaurang Tony&#8217;s Corners kampanj f\u00f6r Esbodagen Restaurang Tony&#8217;s Corner deltar i Esbodagen! Kampanjerna g\u00e4ller under Esbodagens vecka fr\u00e5n m\u00e5ndagen den 26 augusti till l\u00f6rdagen den 31 augusti. Gratis leverans n\u00e4r du best\u00e4ller inom tre kilometer fr\u00e5n restaurangen. Du kan best\u00e4lla genom att ringa eller WhatsApp 044 0656526. F\u00f6r best\u00e4llningar \u00f6ver 40 \u20ac 10% rabatt, ange [&hellip;]","og_url":"https:\/\/espoopaiva.fi\/sv\/kampanj-for-restaurangen-tonys-corner\/","og_site_name":"Esbodagen","article_modified_time":"2024-08-01T07:05:47+00:00","og_image":[{"width":940,"height":788,"url":"https:\/\/espoopaiva.fi\/wp-content\/uploads\/2024\/08\/9b660ded-11ab-4684-ae8e-3bba15a6bc7e.png","type":"image\/png"}],"twitter_card":"summary_large_image","schema":{"@context":"https:\/\/schema.org","@graph":[{"@type":"WebPage","@id":"https:\/\/espoopaiva.fi\/sv\/kampanj-for-restaurangen-tonys-corner\/","url":"https:\/\/espoopaiva.fi\/sv\/kampanj-for-restaurangen-tonys-corner\/","name":"Kampanj f\u00f6r restaurangen Tony's Corner | Esbodagen","isPartOf":{"@id":"https:\/\/espoopaiva.fi\/en\/#website"},"datePublished":"2024-08-01T07:05:46+00:00","dateModified":"2024-08-01T07:05:47+00:00","breadcrumb":{"@id":"https:\/\/espoopaiva.fi\/sv\/kampanj-for-restaurangen-tonys-corner\/#breadcrumb"},"inLanguage":"sv-SE","potentialAction":[{"@type":"ReadAction","target":["https:\/\/espoopaiva.fi\/sv\/kampanj-for-restaurangen-tonys-corner\/"]}]},{"@type":"BreadcrumbList","@id":"https:\/\/espoopaiva.fi\/sv\/kampanj-for-restaurangen-tonys-corner\/#breadcrumb","itemListElement":[{"@type":"ListItem","position":1,"name":"Etusivu","item":"https:\/\/espoopaiva.fi\/sv\/etusivu\/"},{"@type":"ListItem","position":2,"name":"Kampanj f\u00f6r restaurangen Tony&#8217;s Corner"}]},{"@type":"WebSite","@id":"https:\/\/espoopaiva.fi\/en\/#website","url":"https:\/\/espoopaiva.fi\/en\/","name":"Espoo-p\u00e4iv\u00e4","description":"","potentialAction":[{"@type":"SearchAction","target":{"@type":"EntryPoint","urlTemplate":"https:\/\/espoopaiva.fi\/en\/?s={search_term_string}"},"query-input":"required name=search_term_string"}],"inLanguage":"sv-SE"}]}},"_links":{"self":[{"href":"https:\/\/espoopaiva.fi\/sv\/wp-json\/wp\/v2\/pages\/18845","targetHints":{"allow":["GET"]}}],"collection":[{"href":"https:\/\/espoopaiva.fi\/sv\/wp-json\/wp\/v2\/pages"}],"about":[{"href":"https:\/\/espoopaiva.fi\/sv\/wp-json\/wp\/v2\/types\/page"}],"author":[{"embeddable":true,"href":"https:\/\/espoopaiva.fi\/sv\/wp-json\/wp\/v2\/users\/5"}],"replies":[{"embeddable":true,"href":"https:\/\/espoopaiva.fi\/sv\/wp-json\/wp\/v2\/comments?post=18845"}],"version-history":[{"count":3,"href":"https:\/\/espoopaiva.fi\/sv\/wp-json\/wp\/v2\/pages\/18845\/revisions"}],"predecessor-version":[{"id":18848,"href":"https:\/\/espoopaiva.fi\/sv\/wp-json\/wp\/v2\/pages\/18845\/revisions\/18848"}],"wp:featuredmedia":[{"embeddable":true,"href":"https:\/\/espoopaiva.fi\/sv\/wp-json\/wp\/v2\/media\/18817"}],"wp:attachment":[{"href":"https:\/\/espoopaiva.fi\/sv\/wp-json\/wp\/v2\/media?parent=18845"}],"curies":[{"name":"wp","href":"https:\/\/api.w.org\/{rel}","templated":true}]}}