{"id":620,"date":"2021-02-05T09:49:49","date_gmt":"2021-02-05T07:49:49","guid":{"rendered":"https:\/\/espoopaiva.fi\/main\/"},"modified":"2025-09-01T15:56:40","modified_gmt":"2025-09-01T13:56:40","slug":"etusivu","status":"publish","type":"page","link":"https:\/\/espoopaiva.fi\/sv\/","title":{"rendered":"Framsida"},"content":{"rendered":"\t\t<div data-elementor-type=\"wp-page\" data-elementor-id=\"620\" class=\"elementor elementor-620 elementor-10\" data-elementor-post-type=\"page\">\n\t\t\t\t\t\t\t\t\t<section class=\"elementor-section elementor-top-section elementor-element elementor-element-762e3cf elementor-section-height-min-height elementor-section-items-stretch elementor-section-content-middle elementor-section-full_width elementor-section-stretched elementor-section-height-default\" data-id=\"762e3cf\" data-element_type=\"section\" data-settings=\"{&quot;background_background&quot;:&quot;slideshow&quot;,&quot;background_slideshow_gallery&quot;:[{&quot;id&quot;:17650,&quot;url&quot;:&quot;https:\\\/\\\/espoopaiva.fi\\\/wp-content\\\/uploads\\\/2024\\\/04\\\/1DX_3444_JPEG-scaled.jpg&quot;},{&quot;id&quot;:18934,&quot;url&quot;:&quot;https:\\\/\\\/espoopaiva.fi\\\/wp-content\\\/uploads\\\/2024\\\/08\\\/MG_6542_c_Jussi_Hellsten-1-scaled.jpg&quot;},{&quot;id&quot;:18931,&quot;url&quot;:&quot;https:\\\/\\\/espoopaiva.fi\\\/wp-content\\\/uploads\\\/2024\\\/08\\\/20210828_KeraKollektiivi_0729_valokuvaaja_pyryantero-1.jpg&quot;},{&quot;id&quot;:17894,&quot;url&quot;:&quot;https:\\\/\\\/espoopaiva.fi\\\/wp-content\\\/uploads\\\/2024\\\/04\\\/20210828_KeraKollektiivi_0797_valokuvaaja_pyryantero-2-1.jpg&quot;},{&quot;id&quot;:18330,&quot;url&quot;:&quot;https:\\\/\\\/espoopaiva.fi\\\/wp-content\\\/uploads\\\/2024\\\/05\\\/EspooPaiva2019MAX-5209-1-scaled.jpg&quot;}],&quot;stretch_section&quot;:&quot;section-stretched&quot;,&quot;background_slideshow_loop&quot;:&quot;yes&quot;,&quot;background_slideshow_slide_duration&quot;:5000,&quot;background_slideshow_slide_transition&quot;:&quot;fade&quot;,&quot;background_slideshow_transition_duration&quot;:500}\">\n\t\t\t\t\t\t<div class=\"elementor-container elementor-column-gap-no\">\n\t\t\t\t\t<div class=\"elementor-column elementor-col-100 elementor-top-column elementor-element elementor-element-206bb5b\" data-id=\"206bb5b\" data-element_type=\"column\">\n\t\t\t<div class=\"elementor-widget-wrap elementor-element-populated\">\n\t\t\t\t\t\t\t\t<div class=\"elementor-element elementor-element-8bbb182 elementor-widget elementor-widget-heading\" data-id=\"8bbb182\" data-element_type=\"widget\" data-widget_type=\"heading.default\">\n\t\t\t\t<div class=\"elementor-widget-container\">\n\t\t\t<h2 class=\"elementor-heading-title elementor-size-default\">Stadens st\u00f6rsta fest.<\/h2>\t\t<\/div>\n\t\t\t\t<\/div>\n\t\t\t\t\t<\/div>\n\t\t<\/div>\n\t\t\t\t\t\t\t<\/div>\n\t\t<\/section>\n\t\t\t\t<section class=\"elementor-section elementor-top-section elementor-element elementor-element-07f81ed elementor-section-height-min-height elementor-section-items-stretch elementor-section-content-middle elementor-section-full_width elementor-section-stretched elementor-section-height-default\" data-id=\"07f81ed\" data-element_type=\"section\" data-settings=\"{&quot;stretch_section&quot;:&quot;section-stretched&quot;}\">\n\t\t\t\t\t\t<div class=\"elementor-container elementor-column-gap-no\">\n\t\t\t\t\t<div class=\"elementor-column elementor-col-100 elementor-top-column elementor-element elementor-element-14a8082\" data-id=\"14a8082\" data-element_type=\"column\" data-settings=\"{&quot;background_background&quot;:&quot;classic&quot;}\">\n\t\t\t<div class=\"elementor-widget-wrap elementor-element-populated\">\n\t\t\t\t\t\t\t\t<div class=\"elementor-element elementor-element-84f8ff2 elementor-widget__width-initial elementor-widget elementor-widget-text-editor\" data-id=\"84f8ff2\" data-element_type=\"widget\" data-widget_type=\"text-editor.default\">\n\t\t\t\t<div class=\"elementor-widget-container\">\n\t\t\t\t\t\t\t<p>Esbodagen \u00e4r en festdag f\u00f6r alla Esbobor som firas \u00e5rligen den sista l\u00f6rdagen i augusti. P\u00e5 Esbodagen firar Esboborna sin hemstad genom att ordna gratis program runt om i staden. <\/p>\n\t\t\t\t\t\t<\/div>\n\t\t\t\t<\/div>\n\t\t\t\t\t<\/div>\n\t\t<\/div>\n\t\t\t\t\t\t\t<\/div>\n\t\t<\/section>\n\t\t\t\t<section class=\"elementor-section elementor-top-section elementor-element elementor-element-33a7af5 elementor-section-height-min-height elementor-section-items-stretch elementor-section-content-middle elementor-section-full_width elementor-section-stretched elementor-section-height-default\" data-id=\"33a7af5\" data-element_type=\"section\" data-settings=\"{&quot;background_background&quot;:&quot;classic&quot;,&quot;stretch_section&quot;:&quot;section-stretched&quot;}\">\n\t\t\t\t\t\t<div class=\"elementor-container elementor-column-gap-no\">\n\t\t\t\t\t<div class=\"elementor-column elementor-col-100 elementor-top-column elementor-element elementor-element-1dfac1e\" data-id=\"1dfac1e\" data-element_type=\"column\">\n\t\t\t<div class=\"elementor-widget-wrap elementor-element-populated\">\n\t\t\t\t\t\t\t\t<div class=\"elementor-element elementor-element-2e82846 elementor-widget__width-initial elementor-widget elementor-widget-heading\" data-id=\"2e82846\" data-element_type=\"widget\" data-widget_type=\"heading.default\">\n\t\t\t\t<div class=\"elementor-widget-container\">\n\t\t\t<h3 class=\"elementor-heading-title elementor-size-default\">Aktuellt<\/h3>\t\t<\/div>\n\t\t\t\t<\/div>\n\t\t\t\t<div class=\"elementor-element elementor-element-6152c00 elementor-grid-4 elementor-grid-tablet-2 elementor-grid-mobile-1 elementor-posts--thumbnail-top elementor-widget elementor-widget-posts\" data-id=\"6152c00\" data-element_type=\"widget\" data-settings=\"{&quot;classic_row_gap&quot;:{&quot;unit&quot;:&quot;px&quot;,&quot;size&quot;:30,&quot;sizes&quot;:[]},&quot;classic_row_gap_mobile&quot;:{&quot;unit&quot;:&quot;px&quot;,&quot;size&quot;:27,&quot;sizes&quot;:[]},&quot;classic_row_gap_tablet&quot;:{&quot;unit&quot;:&quot;px&quot;,&quot;size&quot;:36,&quot;sizes&quot;:[]},&quot;classic_columns&quot;:&quot;4&quot;,&quot;classic_columns_tablet&quot;:&quot;2&quot;,&quot;classic_columns_mobile&quot;:&quot;1&quot;}\" data-widget_type=\"posts.classic\">\n\t\t\t\t<div class=\"elementor-widget-container\">\n\t\t\t\t\t<div class=\"elementor-posts-container elementor-posts elementor-posts--skin-classic elementor-grid\">\n\t\t\t\t<article class=\"elementor-post elementor-grid-item post-20280 post type-post status-publish format-standard has-post-thumbnail hentry category-aktuellt\">\n\t\t\t\t<a class=\"elementor-post__thumbnail__link\" href=\"https:\/\/espoopaiva.fi\/sv\/over-200-evenemang-under-esbodagen-2025-tack-till-alla-besokare-och-arrangorer\/\" target=&quot;_blank&quot;>\n\t\t\t<div class=\"elementor-post__thumbnail\"><img loading=\"lazy\" decoding=\"async\" width=\"2560\" height=\"1707\" src=\"https:\/\/espoopaiva.fi\/wp-content\/uploads\/2025\/09\/KON_0388-scaled.jpg\" class=\"attachment-full size-full wp-image-20270\" alt=\"\" srcset=\"https:\/\/espoopaiva.fi\/wp-content\/uploads\/2025\/09\/KON_0388-scaled.jpg 2560w, https:\/\/espoopaiva.fi\/wp-content\/uploads\/2025\/09\/KON_0388-300x200.jpg 300w, https:\/\/espoopaiva.fi\/wp-content\/uploads\/2025\/09\/KON_0388-1024x683.jpg 1024w, https:\/\/espoopaiva.fi\/wp-content\/uploads\/2025\/09\/KON_0388-768x512.jpg 768w, https:\/\/espoopaiva.fi\/wp-content\/uploads\/2025\/09\/KON_0388-1536x1024.jpg 1536w, https:\/\/espoopaiva.fi\/wp-content\/uploads\/2025\/09\/KON_0388-2048x1365.jpg 2048w\" sizes=\"auto, (max-width: 2560px) 100vw, 2560px\" \/><\/div>\n\t\t<\/a>\n\t\t\t\t<div class=\"elementor-post__text\">\n\t\t\t\t<h3 class=\"elementor-post__title\">\n\t\t\t<a href=\"https:\/\/espoopaiva.fi\/sv\/over-200-evenemang-under-esbodagen-2025-tack-till-alla-besokare-och-arrangorer\/\" target=&quot;_blank&quot;>\n\t\t\t\t\u00d6ver 200 evenemang under Esbodagen 2025 \u2013 tack till alla bes\u00f6kare och arrang\u00f6rer!\t\t\t<\/a>\n\t\t<\/h3>\n\t\t\t\t<div class=\"elementor-post__meta-data\">\n\t\t\t\t\t<span class=\"elementor-post-date\">\n\t\t\t01\/09\/2025\t\t<\/span>\n\t\t\t\t<\/div>\n\t\t\t\t<\/div>\n\t\t\t\t<\/article>\n\t\t\t\t<article class=\"elementor-post elementor-grid-item post-20183 post type-post status-publish format-standard has-post-thumbnail hentry category-aktuellt\">\n\t\t\t\t<a class=\"elementor-post__thumbnail__link\" href=\"https:\/\/espoopaiva.fi\/sv\/utforska-esbodagens-evenemangskalender-och-hitta-dina-favoriter\/\" target=&quot;_blank&quot;>\n\t\t\t<div class=\"elementor-post__thumbnail\"><img loading=\"lazy\" decoding=\"async\" width=\"2560\" height=\"1707\" src=\"https:\/\/espoopaiva.fi\/wp-content\/uploads\/2025\/07\/1D3_7100-scaled.jpg\" class=\"attachment-full size-full wp-image-20252\" alt=\"\" srcset=\"https:\/\/espoopaiva.fi\/wp-content\/uploads\/2025\/07\/1D3_7100-scaled.jpg 2560w, https:\/\/espoopaiva.fi\/wp-content\/uploads\/2025\/07\/1D3_7100-300x200.jpg 300w, https:\/\/espoopaiva.fi\/wp-content\/uploads\/2025\/07\/1D3_7100-1024x683.jpg 1024w, https:\/\/espoopaiva.fi\/wp-content\/uploads\/2025\/07\/1D3_7100-768x512.jpg 768w, https:\/\/espoopaiva.fi\/wp-content\/uploads\/2025\/07\/1D3_7100-1536x1024.jpg 1536w, https:\/\/espoopaiva.fi\/wp-content\/uploads\/2025\/07\/1D3_7100-2048x1365.jpg 2048w\" sizes=\"auto, (max-width: 2560px) 100vw, 2560px\" \/><\/div>\n\t\t<\/a>\n\t\t\t\t<div class=\"elementor-post__text\">\n\t\t\t\t<h3 class=\"elementor-post__title\">\n\t\t\t<a href=\"https:\/\/espoopaiva.fi\/sv\/utforska-esbodagens-evenemangskalender-och-hitta-dina-favoriter\/\" target=&quot;_blank&quot;>\n\t\t\t\tUtforska Esbodagens evenemangskalender och hitta dina favoriter!\t\t\t<\/a>\n\t\t<\/h3>\n\t\t\t\t<div class=\"elementor-post__meta-data\">\n\t\t\t\t\t<span class=\"elementor-post-date\">\n\t\t\t07\/08\/2025\t\t<\/span>\n\t\t\t\t<\/div>\n\t\t\t\t<\/div>\n\t\t\t\t<\/article>\n\t\t\t\t<article class=\"elementor-post elementor-grid-item post-20003 post type-post status-publish format-standard has-post-thumbnail hentry category-aktuellt\">\n\t\t\t\t<a class=\"elementor-post__thumbnail__link\" href=\"https:\/\/espoopaiva.fi\/sv\/anmalan-av-evenemang-till-esbodagen-har-oppnat-2\/\" target=&quot;_blank&quot;>\n\t\t\t<div class=\"elementor-post__thumbnail\"><img loading=\"lazy\" decoding=\"async\" width=\"2560\" height=\"1707\" src=\"https:\/\/espoopaiva.fi\/wp-content\/uploads\/2025\/05\/1DX_3378_JPEG-scaled.jpg\" class=\"attachment-full size-full wp-image-19846\" alt=\"\" srcset=\"https:\/\/espoopaiva.fi\/wp-content\/uploads\/2025\/05\/1DX_3378_JPEG-scaled.jpg 2560w, https:\/\/espoopaiva.fi\/wp-content\/uploads\/2025\/05\/1DX_3378_JPEG-300x200.jpg 300w, https:\/\/espoopaiva.fi\/wp-content\/uploads\/2025\/05\/1DX_3378_JPEG-1024x683.jpg 1024w, https:\/\/espoopaiva.fi\/wp-content\/uploads\/2025\/05\/1DX_3378_JPEG-768x512.jpg 768w, https:\/\/espoopaiva.fi\/wp-content\/uploads\/2025\/05\/1DX_3378_JPEG-1536x1024.jpg 1536w, https:\/\/espoopaiva.fi\/wp-content\/uploads\/2025\/05\/1DX_3378_JPEG-2048x1365.jpg 2048w\" sizes=\"auto, (max-width: 2560px) 100vw, 2560px\" \/><\/div>\n\t\t<\/a>\n\t\t\t\t<div class=\"elementor-post__text\">\n\t\t\t\t<h3 class=\"elementor-post__title\">\n\t\t\t<a href=\"https:\/\/espoopaiva.fi\/sv\/anmalan-av-evenemang-till-esbodagen-har-oppnat-2\/\" target=&quot;_blank&quot;>\n\t\t\t\tAnm\u00e4lan av evenemang till Esbodagen har \u00f6ppnat!\t\t\t<\/a>\n\t\t<\/h3>\n\t\t\t\t<div class=\"elementor-post__meta-data\">\n\t\t\t\t\t<span class=\"elementor-post-date\">\n\t\t\t07\/05\/2025\t\t<\/span>\n\t\t\t\t<\/div>\n\t\t\t\t<\/div>\n\t\t\t\t<\/article>\n\t\t\t\t<article class=\"elementor-post elementor-grid-item post-18246 post type-post status-publish format-standard has-post-thumbnail hentry category-okategoriserad\">\n\t\t\t\t<a class=\"elementor-post__thumbnail__link\" href=\"https:\/\/espoopaiva.fi\/sv\/ansok-understod-for-din-esbodagens-evenemang\/\" target=&quot;_blank&quot;>\n\t\t\t<div class=\"elementor-post__thumbnail\"><img loading=\"lazy\" decoding=\"async\" width=\"1600\" height=\"2400\" src=\"https:\/\/espoopaiva.fi\/wp-content\/uploads\/2024\/04\/leffapiknik_grease_espoojuhlii_web-6-e1714128196420.jpg\" class=\"attachment-full size-full wp-image-17905\" alt=\"\" \/><\/div>\n\t\t<\/a>\n\t\t\t\t<div class=\"elementor-post__text\">\n\t\t\t\t<h3 class=\"elementor-post__title\">\n\t\t\t<a href=\"https:\/\/espoopaiva.fi\/sv\/ansok-understod-for-din-esbodagens-evenemang\/\" target=&quot;_blank&quot;>\n\t\t\t\tAns\u00f6k underst\u00f6d till ditt evenemang!\t\t\t<\/a>\n\t\t<\/h3>\n\t\t\t\t<div class=\"elementor-post__meta-data\">\n\t\t\t\t\t<span class=\"elementor-post-date\">\n\t\t\t20\/04\/2025\t\t<\/span>\n\t\t\t\t<\/div>\n\t\t\t\t<\/div>\n\t\t\t\t<\/article>\n\t\t\t\t<\/div>\n\t\t\n\t\t\t\t<\/div>\n\t\t\t\t<\/div>\n\t\t\t\t\t<\/div>\n\t\t<\/div>\n\t\t\t\t\t\t\t<\/div>\n\t\t<\/section>\n\t\t\t\t\t\t\t<\/div>\n\t\t","protected":false},"excerpt":{"rendered":"<p>Stadens st\u00f6rsta fest. Esbodagen \u00e4r en festdag f\u00f6r alla Esbobor som firas \u00e5rligen den sista l\u00f6rdagen i augusti. P\u00e5 Esbodagen firar Esboborna sin hemstad genom<\/p>\n","protected":false},"author":1,"featured_media":19219,"parent":0,"menu_order":0,"comment_status":"closed","ping_status":"closed","template":"","meta":{"inline_featured_image":false,"footnotes":""},"class_list":["post-620","page","type-page","status-publish","has-post-thumbnail","hentry"],"yoast_head":"<!-- This site is optimized with the Yoast SEO plugin v20.12 - https:\/\/yoast.com\/wordpress\/plugins\/seo\/ -->\n<title>Esbodagen | Esbo firar!<\/title>\n<meta name=\"description\" content=\"Evenemangen fyller Esbo det sista veckoslutet i augusti!\" \/>\n<meta name=\"robots\" content=\"index, follow, max-snippet:-1, max-image-preview:large, max-video-preview:-1\" \/>\n<link rel=\"canonical\" href=\"https:\/\/espoopaiva.fi\/sv\/etusivu\/\" \/>\n<meta property=\"og:locale\" content=\"sv_SE\" \/>\n<meta property=\"og:type\" content=\"article\" \/>\n<meta property=\"og:title\" content=\"Esbodagen | Esbo firar!\" \/>\n<meta property=\"og:description\" content=\"Evenemangen fyller Esbo det sista veckoslutet i augusti!\" \/>\n<meta property=\"og:url\" content=\"https:\/\/espoopaiva.fi\/sv\/etusivu\/\" \/>\n<meta property=\"og:site_name\" content=\"Esbodagen\" \/>\n<meta property=\"article:modified_time\" content=\"2025-09-01T13:56:40+00:00\" \/>\n<meta property=\"og:image\" content=\"https:\/\/espoopaiva.fi\/wp-content\/uploads\/2025\/03\/20210828_KeraKollektiivi_0729_valokuvaaja_pyryantero-1.jpg\" \/>\n\t<meta property=\"og:image:width\" content=\"2048\" \/>\n\t<meta property=\"og:image:height\" content=\"1365\" \/>\n\t<meta property=\"og:image:type\" content=\"image\/jpeg\" \/>\n<meta name=\"twitter:card\" content=\"summary_large_image\" \/>\n<meta name=\"twitter:label1\" content=\"Ber\u00e4knad l\u00e4stid\" \/>\n\t<meta name=\"twitter:data1\" content=\"1 minut\" \/>\n<script type=\"application\/ld+json\" class=\"yoast-schema-graph\">{\"@context\":\"https:\/\/schema.org\",\"@graph\":[{\"@type\":\"WebPage\",\"@id\":\"https:\/\/espoopaiva.fi\/sv\/etusivu\/\",\"url\":\"https:\/\/espoopaiva.fi\/sv\/etusivu\/\",\"name\":\"Esbodagen | Esbo firar!\",\"isPartOf\":{\"@id\":\"https:\/\/espoopaiva.fi\/en\/#website\"},\"datePublished\":\"2021-02-05T07:49:49+00:00\",\"dateModified\":\"2025-09-01T13:56:40+00:00\",\"description\":\"Evenemangen fyller Esbo det sista veckoslutet i augusti!\",\"breadcrumb\":{\"@id\":\"https:\/\/espoopaiva.fi\/sv\/etusivu\/#breadcrumb\"},\"inLanguage\":\"sv-SE\",\"potentialAction\":[{\"@type\":\"ReadAction\",\"target\":[\"https:\/\/espoopaiva.fi\/sv\/etusivu\/\"]}]},{\"@type\":\"BreadcrumbList\",\"@id\":\"https:\/\/espoopaiva.fi\/sv\/etusivu\/#breadcrumb\",\"itemListElement\":[{\"@type\":\"ListItem\",\"position\":1,\"name\":\"Etusivu\",\"item\":\"https:\/\/espoopaiva.fi\/sv\/etusivu\/\"},{\"@type\":\"ListItem\",\"position\":2,\"name\":\"Framsida\"}]},{\"@type\":\"WebSite\",\"@id\":\"https:\/\/espoopaiva.fi\/en\/#website\",\"url\":\"https:\/\/espoopaiva.fi\/en\/\",\"name\":\"Espoo-p\u00e4iv\u00e4\",\"description\":\"\",\"potentialAction\":[{\"@type\":\"SearchAction\",\"target\":{\"@type\":\"EntryPoint\",\"urlTemplate\":\"https:\/\/espoopaiva.fi\/en\/?s={search_term_string}\"},\"query-input\":\"required name=search_term_string\"}],\"inLanguage\":\"sv-SE\"}]}<\/script>\n<!-- \/ Yoast SEO plugin. -->","yoast_head_json":{"title":"Esbodagen | Esbo firar!","description":"Evenemangen fyller Esbo det sista veckoslutet i augusti!","robots":{"index":"index","follow":"follow","max-snippet":"max-snippet:-1","max-image-preview":"max-image-preview:large","max-video-preview":"max-video-preview:-1"},"canonical":"https:\/\/espoopaiva.fi\/sv\/etusivu\/","og_locale":"sv_SE","og_type":"article","og_title":"Esbodagen | Esbo firar!","og_description":"Evenemangen fyller Esbo det sista veckoslutet i augusti!","og_url":"https:\/\/espoopaiva.fi\/sv\/etusivu\/","og_site_name":"Esbodagen","article_modified_time":"2025-09-01T13:56:40+00:00","og_image":[{"width":2048,"height":1365,"url":"https:\/\/espoopaiva.fi\/wp-content\/uploads\/2025\/03\/20210828_KeraKollektiivi_0729_valokuvaaja_pyryantero-1.jpg","type":"image\/jpeg"}],"twitter_card":"summary_large_image","twitter_misc":{"Ber\u00e4knad l\u00e4stid":"1 minut"},"schema":{"@context":"https:\/\/schema.org","@graph":[{"@type":"WebPage","@id":"https:\/\/espoopaiva.fi\/sv\/etusivu\/","url":"https:\/\/espoopaiva.fi\/sv\/etusivu\/","name":"Esbodagen | Esbo firar!","isPartOf":{"@id":"https:\/\/espoopaiva.fi\/en\/#website"},"datePublished":"2021-02-05T07:49:49+00:00","dateModified":"2025-09-01T13:56:40+00:00","description":"Evenemangen fyller Esbo det sista veckoslutet i augusti!","breadcrumb":{"@id":"https:\/\/espoopaiva.fi\/sv\/etusivu\/#breadcrumb"},"inLanguage":"sv-SE","potentialAction":[{"@type":"ReadAction","target":["https:\/\/espoopaiva.fi\/sv\/etusivu\/"]}]},{"@type":"BreadcrumbList","@id":"https:\/\/espoopaiva.fi\/sv\/etusivu\/#breadcrumb","itemListElement":[{"@type":"ListItem","position":1,"name":"Etusivu","item":"https:\/\/espoopaiva.fi\/sv\/etusivu\/"},{"@type":"ListItem","position":2,"name":"Framsida"}]},{"@type":"WebSite","@id":"https:\/\/espoopaiva.fi\/en\/#website","url":"https:\/\/espoopaiva.fi\/en\/","name":"Espoo-p\u00e4iv\u00e4","description":"","potentialAction":[{"@type":"SearchAction","target":{"@type":"EntryPoint","urlTemplate":"https:\/\/espoopaiva.fi\/en\/?s={search_term_string}"},"query-input":"required name=search_term_string"}],"inLanguage":"sv-SE"}]}},"_links":{"self":[{"href":"https:\/\/espoopaiva.fi\/sv\/wp-json\/wp\/v2\/pages\/620","targetHints":{"allow":["GET"]}}],"collection":[{"href":"https:\/\/espoopaiva.fi\/sv\/wp-json\/wp\/v2\/pages"}],"about":[{"href":"https:\/\/espoopaiva.fi\/sv\/wp-json\/wp\/v2\/types\/page"}],"author":[{"embeddable":true,"href":"https:\/\/espoopaiva.fi\/sv\/wp-json\/wp\/v2\/users\/1"}],"replies":[{"embeddable":true,"href":"https:\/\/espoopaiva.fi\/sv\/wp-json\/wp\/v2\/comments?post=620"}],"version-history":[{"count":228,"href":"https:\/\/espoopaiva.fi\/sv\/wp-json\/wp\/v2\/pages\/620\/revisions"}],"predecessor-version":[{"id":20292,"href":"https:\/\/espoopaiva.fi\/sv\/wp-json\/wp\/v2\/pages\/620\/revisions\/20292"}],"wp:featuredmedia":[{"embeddable":true,"href":"https:\/\/espoopaiva.fi\/sv\/wp-json\/wp\/v2\/media\/19219"}],"wp:attachment":[{"href":"https:\/\/espoopaiva.fi\/sv\/wp-json\/wp\/v2\/media?parent=620"}],"curies":[{"name":"wp","href":"https:\/\/api.w.org\/{rel}","templated":true}]}}